{"id":2722,"date":"2023-08-04T17:55:01","date_gmt":"2023-08-04T17:55:01","guid":{"rendered":"https:\/\/sitesecreto.com.br\/packs24horas\/?page_id=2722"},"modified":"2023-08-04T18:15:04","modified_gmt":"2023-08-04T18:15:04","slug":"termos-de-uso","status":"publish","type":"page","link":"https:\/\/sitesecreto.com.br\/packs24horas\/termos-de-uso\/","title":{"rendered":"Termos de uso"},"content":{"rendered":"\t\t<div data-elementor-type=\"wp-page\" data-elementor-id=\"2722\" class=\"elementor elementor-2722\">\n\t\t\t\t\t\t<section class=\"elementor-section elementor-top-section elementor-element elementor-element-48f50df elementor-section-boxed elementor-section-height-default elementor-section-height-default\" data-id=\"48f50df\" data-element_type=\"section\" data-settings=\"{&quot;background_background&quot;:&quot;gradient&quot;}\">\n\t\t\t\t\t\t<div class=\"elementor-container elementor-column-gap-default\">\n\t\t\t\t\t<div class=\"elementor-column elementor-col-100 elementor-top-column elementor-element elementor-element-aaffeb9\" data-id=\"aaffeb9\" data-element_type=\"column\">\n\t\t\t<div class=\"elementor-widget-wrap elementor-element-populated\">\n\t\t\t\t\t\t<div class=\"elementor-element elementor-element-2653840 elementor-widget elementor-widget-image\" data-id=\"2653840\" data-element_type=\"widget\" data-widget_type=\"image.default\">\n\t\t\t\t<div class=\"elementor-widget-container\">\n\t\t\t\t\t\t\t\t\t\t\t\t\t\t\t<img decoding=\"async\" width=\"150\" height=\"150\" src=\"https:\/\/sitesecreto.com.br\/packs24horas\/wp-content\/uploads\/2023\/04\/LogoTipos_Canais__2_-removebg-preview-150x150.png\" class=\"attachment-thumbnail size-thumbnail wp-image-1481\" alt=\"\" srcset=\"https:\/\/sitesecreto.com.br\/packs24horas\/wp-content\/uploads\/2023\/04\/LogoTipos_Canais__2_-removebg-preview-150x150.png 150w, https:\/\/sitesecreto.com.br\/packs24horas\/wp-content\/uploads\/2023\/04\/LogoTipos_Canais__2_-removebg-preview-300x300.png 300w, https:\/\/sitesecreto.com.br\/packs24horas\/wp-content\/uploads\/2023\/04\/LogoTipos_Canais__2_-removebg-preview.png 500w\" sizes=\"(max-width: 150px) 100vw, 150px\" \/>\t\t\t\t\t\t\t\t\t\t\t\t\t\t\t<\/div>\n\t\t\t\t<\/div>\n\t\t\t\t<div class=\"elementor-element elementor-element-0936232 elementor-widget elementor-widget-heading\" data-id=\"0936232\" data-element_type=\"widget\" data-widget_type=\"heading.default\">\n\t\t\t\t<div class=\"elementor-widget-container\">\n\t\t\t\t\t<h3 class=\"elementor-heading-title elementor-size-default\">Nosso dom\u00ednio come\u00e7a com: sitesecreto.com.br\/ <br> N\u00e3o confie em nenhum outro dom\u00ednio que esteja se passando por n\u00f3s do @Packs24Horas.<\/h3>\t\t\t\t<\/div>\n\t\t\t\t<\/div>\n\t\t\t\t<div class=\"elementor-element elementor-element-92abbd8 elementor-align-center elementor-widget elementor-widget-button\" data-id=\"92abbd8\" data-element_type=\"widget\" data-widget_type=\"button.default\">\n\t\t\t\t<div class=\"elementor-widget-container\">\n\t\t\t\t\t\t\t\t\t<div class=\"elementor-button-wrapper\">\n\t\t\t\t\t<a class=\"elementor-button elementor-button-link elementor-size-sm elementor-animation-grow\" href=\"https:\/\/sitesecreto.com.br\">\n\t\t\t\t\t\t<span class=\"elementor-button-content-wrapper\">\n\t\t\t\t\t\t\t\t\t<span class=\"elementor-button-text\">Acesse a nosssa central<\/span>\n\t\t\t\t\t<\/span>\n\t\t\t\t\t<\/a>\n\t\t\t\t<\/div>\n\t\t\t\t\t\t\t\t<\/div>\n\t\t\t\t<\/div>\n\t\t\t\t<div class=\"elementor-element elementor-element-003eaae elementor-widget elementor-widget-html\" data-id=\"003eaae\" data-element_type=\"widget\" data-widget_type=\"html.default\">\n\t\t\t\t<div class=\"elementor-widget-container\">\n\t\t\t\t\t<h2 style=\"box-sizing: border-box; margin: 0px; line-height: 1.2; font-size: 20px; letter-spacing: -0.05em; color: #576d96; padding-bottom: 20px; font-family: Montserrat, sans-serif; background-color: ##37B8FE;\"><span style=\"color: #576d96;\">1. Termos<\/span><\/h2><p style=\"box-sizing: border-box; margin-top: 0px; margin-bottom: 1rem; font-size: 16px; font-weight: 400; letter-spacing: normal;\"><span style=\"color: #576d96;\">Ao acessar ao site <a href=\"www.sitesecreto.com.br\">packs24horas<\/a>, concorda em cumprir estes termos de servi&ccedil;o, todas as leis e regulamentos aplic&aacute;veis \u200b\u200be concorda que &eacute; respons&aacute;vel pelo cumprimento de todas as leis locais aplic&aacute;veis. Se voc&ecirc; n&atilde;o concordar com algum desses termos, est&aacute; proibido de usar ou acessar este site. Os materiais contidos neste site s&atilde;o protegidos pelas leis de direitos autorais e marcas comerciais aplic&aacute;veis.<\/span><\/p><h2 style=\"box-sizing: border-box; margin: 0px; line-height: 1.2; font-size: 20px; letter-spacing: -0.05em; color: #576d96; padding-bottom: 20px; font-family: Montserrat, sans-serif; background-color: ##37B8FE;\"><span style=\"color: #576d96;\">2. Uso de Licen&ccedil;a<\/span><\/h2><p style=\"box-sizing: border-box; margin-top: 0px; margin-bottom: 1rem; font-size: 16px; font-weight: 400; letter-spacing: normal;\"><span style=\"color: #576d96;\">&Eacute; concedida permiss&atilde;o para baixar temporariamente uma c&oacute;pia dos materiais (informa&ccedil;&otilde;es ou software) no site packs24horas , apenas para visualiza&ccedil;&atilde;o transit&oacute;ria pessoal e n&atilde;o comercial. Esta &eacute; a concess&atilde;o de uma licen&ccedil;a, n&atilde;o uma transfer&ecirc;ncia de t&iacute;tulo e, sob esta licen&ccedil;a, voc&ecirc; n&atilde;o pode:&nbsp;<\/span><\/p><ol style=\"box-sizing: border-box; margin-top: 0px; margin-bottom: 1rem; font-size: 16px; font-weight: 400; letter-spacing: normal;\"><li style=\"box-sizing: border-box;\"><span style=\"color: #576d96;\">modificar ou copiar os materiais;&nbsp;<\/span><\/li><li style=\"box-sizing: border-box;\"><span style=\"color: #576d96;\">usar os materiais para qualquer finalidade comercial ou para exibi&ccedil;&atilde;o p&uacute;blica (comercial ou n&atilde;o comercial);&nbsp;<\/span><\/li><li style=\"box-sizing: border-box;\"><span style=\"color: #576d96;\">tentar descompilar ou fazer engenharia reversa de qualquer software contido no site packs24horas;&nbsp;<\/span><\/li><li style=\"box-sizing: border-box;\"><span style=\"color: #576d96;\">remover quaisquer direitos autorais ou outras nota&ccedil;&otilde;es de propriedade dos materiais; ou&nbsp;<\/span><\/li><li style=\"box-sizing: border-box;\"><span style=\"color: #576d96;\">transferir os materiais para outra pessoa ou 'espelhe' os materiais em qualquer outro servidor.<\/span><\/li><\/ol><p style=\"box-sizing: border-box; margin-top: 0px; margin-bottom: 1rem; font-size: 16px; font-weight: 400; letter-spacing: normal;\"><span style=\"color: #576d96;\">Esta licen&ccedil;a ser&aacute; automaticamente rescindida se voc&ecirc; violar alguma dessas restri&ccedil;&otilde;es e poder&aacute; ser rescindida por packs24horas a qualquer momento. Ao encerrar a visualiza&ccedil;&atilde;o desses materiais ou ap&oacute;s o t&eacute;rmino desta licen&ccedil;a, voc&ecirc; deve apagar todos os materiais baixados em sua posse, seja em formato eletr&oacute;nico ou impresso.<\/span><\/p><h2 style=\"box-sizing: border-box; margin: 0px; line-height: 1.2; font-size: 20px; letter-spacing: -0.05em; color: #576d96; padding-bottom: 20px; font-family: Montserrat, sans-serif; background-color: ##37B8FE;\"><span style=\"color: #576d96;\">3. Isen&ccedil;&atilde;o de responsabilidade<\/span><\/h2><ol style=\"box-sizing: border-box; margin-top: 0px; margin-bottom: 1rem; font-size: 16px; font-weight: 400; letter-spacing: normal;\"><li style=\"box-sizing: border-box;\"><span style=\"color: #576d96;\">Os materiais no site da packs24horas s&atilde;o fornecidos 'como est&atilde;o'. packs24horas n&atilde;o oferece garantias, expressas ou impl&iacute;citas, e, por este meio, isenta e nega todas as outras garantias, incluindo, sem limita&ccedil;&atilde;o, garantias impl&iacute;citas ou condi&ccedil;&otilde;es de comercializa&ccedil;&atilde;o, adequa&ccedil;&atilde;o a um fim espec&iacute;fico ou n&atilde;o viola&ccedil;&atilde;o de propriedade intelectual ou outra viola&ccedil;&atilde;o de direitos.<\/span><\/li><li style=\"box-sizing: border-box;\"><span style=\"color: #576d96;\">Al&eacute;m disso, o packs24horas n&atilde;o garante ou faz qualquer representa&ccedil;&atilde;o relativa &agrave; precis&atilde;o, aos resultados prov&aacute;veis \u200b\u200bou &agrave; confiabilidade do uso dos materiais em seu site ou de outra forma relacionado a esses materiais ou em sites vinculados a este site.<\/span><\/li><\/ol><h2 style=\"box-sizing: border-box; margin: 0px; line-height: 1.2; font-size: 20px; letter-spacing: -0.05em; color: #576d96; padding-bottom: 20px; font-family: Montserrat, sans-serif; background-color: ##37B8FE;\"><span style=\"color: #576d96;\">4. Limita&ccedil;&otilde;es<\/span><\/h2><p style=\"box-sizing: border-box; margin-top: 0px; margin-bottom: 1rem; font-size: 16px; font-weight: 400; letter-spacing: normal;\"><span style=\"color: #576d96;\">Em nenhum caso o packs24horas ou seus fornecedores ser&atilde;o respons&aacute;veis \u200b\u200bpor quaisquer danos (incluindo, sem limita&ccedil;&atilde;o, danos por perda de dados ou lucro ou devido a interrup&ccedil;&atilde;o dos neg&oacute;cios) decorrentes do uso ou da incapacidade de usar os materiais em packs24horas, mesmo que packs24horas ou um representante autorizado da packs24horas tenha sido notificado oralmente ou por escrito da possibilidade de tais danos. Como algumas jurisdi&ccedil;&otilde;es n&atilde;o permitem limita&ccedil;&otilde;es em garantias impl&iacute;citas, ou limita&ccedil;&otilde;es de responsabilidade por danos conseq&uuml;entes ou incidentais, essas limita&ccedil;&otilde;es podem n&atilde;o se aplicar a voc&ecirc;.<\/span><\/p><h2 style=\"box-sizing: border-box; margin: 0px; line-height: 1.2; font-size: 20px; letter-spacing: -0.05em; color: #576d96; padding-bottom: 20px; font-family: Montserrat, sans-serif; background-color: ##37B8FE;\"><span style=\"color: #576d96;\">5. Precis&atilde;o dos materiais<\/span><\/h2><p style=\"box-sizing: border-box; margin-top: 0px; margin-bottom: 1rem; font-size: 16px; font-weight: 400; letter-spacing: normal;\"><span style=\"color: #576d96;\">Os materiais exibidos no site da packs24horas podem incluir erros t&eacute;cnicos, tipogr&aacute;ficos ou fotogr&aacute;ficos. packs24horas n&atilde;o garante que qualquer material em seu site seja preciso, completo ou atual. packs24horas pode fazer altera&ccedil;&otilde;es nos materiais contidos em seu site a qualquer momento, sem aviso pr&eacute;vio. No entanto, packs24horas n&atilde;o se compromete a atualizar os materiais.<\/span><\/p><h2 style=\"box-sizing: border-box; margin: 0px; line-height: 1.2; font-size: 20px; letter-spacing: -0.05em; color: #576d96; padding-bottom: 20px; font-family: Montserrat, sans-serif; background-color: ##37B8FE;\"><span style=\"color: #576d96;\">6. Links<\/span><\/h2><p style=\"box-sizing: border-box; margin-top: 0px; margin-bottom: 1rem; font-size: 16px; font-weight: 400; letter-spacing: normal;\"><span style=\"color: #576d96;\">O packs24horas n&atilde;o analisou todos os sites vinculados ao seu site e n&atilde;o &eacute; respons&aacute;vel pelo conte&uacute;do de nenhum site vinculado. A inclus&atilde;o de qualquer link n&atilde;o implica endosso por packs24horas do site. O uso de qualquer site vinculado &eacute; por conta e risco do usu&aacute;rio.<\/span><\/p><p style=\"box-sizing: border-box; margin-top: 0px; margin-bottom: 1rem; font-size: 16px; font-weight: 400; letter-spacing: normal;\">&nbsp;<\/p><h3 style=\"box-sizing: border-box; margin: 0px 0px 20px; line-height: 1.2; font-size: 16px; letter-spacing: -0.05em; color: #576d96; font-family: Montserrat, sans-serif; background-color: ##37B8FE;\"><span style=\"color: #576d96;\">Modifica&ccedil;&otilde;es<\/span><\/h3><p style=\"box-sizing: border-box; margin-top: 0px; margin-bottom: 1rem; font-size: 16px; font-weight: 400; letter-spacing: normal;\"><span style=\"color: #576d96;\">O packs24horas pode revisar estes termos de servi&ccedil;o do site a qualquer momento, sem aviso pr&eacute;vio. Ao usar este site, voc&ecirc; concorda em ficar vinculado &agrave; vers&atilde;o atual desses termos de servi&ccedil;o.<\/span><\/p><h3 style=\"box-sizing: border-box; margin: 0px 0px 20px; line-height: 1.2; font-size: 16px; letter-spacing: -0.05em; color: #576d96; font-family: Montserrat, sans-serif; background-color: ##37B8FE;\"><span style=\"color: #576d96;\">Lei aplic&aacute;vel<\/span><\/h3><p style=\"box-sizing: border-box; margin-top: 0px; margin-bottom: 1rem; font-size: 16px; font-weight: 400; letter-spacing: normal;\"><span style=\"color: #576d96;\">Estes termos e condi&ccedil;&otilde;es s&atilde;o regidos e interpretados de acordo com as leis do packs24horas e voc&ecirc; se submete irrevogavelmente &agrave; jurisdi&ccedil;&atilde;o exclusiva dos tribunais naquele estado ou localidade.<\/span><\/p>\t\t\t\t<\/div>\n\t\t\t\t<\/div>\n\t\t\t\t\t<\/div>\n\t\t<\/div>\n\t\t\t\t\t<\/div>\n\t\t<\/section>\n\t\t\t\t<\/div>\n\t\t","protected":false},"excerpt":{"rendered":"<p>Nosso dom\u00ednio come\u00e7a com: sitesecreto.com.br\/ N\u00e3o confie em nenhum outro dom\u00ednio que esteja se passando por n\u00f3s do @Packs24Horas. Acesse a nosssa central 1. Termos Ao acessar ao site packs24horas, concorda em cumprir estes termos de servi&ccedil;o, todas as leis e regulamentos aplic&aacute;veis \u200b\u200be concorda que &eacute; respons&aacute;vel pelo cumprimento de todas as leis locais [&hellip;]<\/p>\n","protected":false},"author":1,"featured_media":0,"parent":0,"menu_order":0,"comment_status":"closed","ping_status":"closed","template":"elementor_canvas","meta":{"footnotes":""},"class_list":["post-2722","page","type-page","status-publish","hentry"],"_links":{"self":[{"href":"https:\/\/sitesecreto.com.br\/packs24horas\/wp-json\/wp\/v2\/pages\/2722","targetHints":{"allow":["GET"]}}],"collection":[{"href":"https:\/\/sitesecreto.com.br\/packs24horas\/wp-json\/wp\/v2\/pages"}],"about":[{"href":"https:\/\/sitesecreto.com.br\/packs24horas\/wp-json\/wp\/v2\/types\/page"}],"author":[{"embeddable":true,"href":"https:\/\/sitesecreto.com.br\/packs24horas\/wp-json\/wp\/v2\/users\/1"}],"replies":[{"embeddable":true,"href":"https:\/\/sitesecreto.com.br\/packs24horas\/wp-json\/wp\/v2\/comments?post=2722"}],"version-history":[{"count":13,"href":"https:\/\/sitesecreto.com.br\/packs24horas\/wp-json\/wp\/v2\/pages\/2722\/revisions"}],"predecessor-version":[{"id":2746,"href":"https:\/\/sitesecreto.com.br\/packs24horas\/wp-json\/wp\/v2\/pages\/2722\/revisions\/2746"}],"wp:attachment":[{"href":"https:\/\/sitesecreto.com.br\/packs24horas\/wp-json\/wp\/v2\/media?parent=2722"}],"curies":[{"name":"wp","href":"https:\/\/api.w.org\/{rel}","templated":true}]}}